{"id":2407,"date":"2020-12-29T21:03:33","date_gmt":"2020-12-29T17:03:33","guid":{"rendered":"https:\/\/veloplus.ge\/?post_type=product&#038;p=2407"},"modified":"2021-11-27T18:26:38","modified_gmt":"2021-11-27T14:26:38","slug":"rfr-griffe-tour","status":"publish","type":"product","link":"https:\/\/veloplus.ge\/en\/product\/rfr-griffe-tour\/","title":{"rendered":"RFR  \u10e1\u10d0\u10ee\u10d4\u10da\u10e3\u10e0\u10d4\u10d1\u10d8"},"content":{"rendered":"<section class=\"mod mod-acs-stage2 -background-acs-bright-grey h-double-spacing-top-inner\" data-uidtowatchlist=\"2512a\">\n<div class=\"row\">\n<div class=\"columns medium-5 large-4 small-12\">\n<div class=\"js-acs-fixed-scroll\">\n<div class=\"js-acs-fixed-scroll-content\">\n<p class=\"acs-info-p acs-description-long\" style=\"text-align: center;\"><span style=\"font-family: 'Georgian Font';\">Ergonomisch geformte Griffe f\u00fcr eine gro\u00dfe Auflagefl\u00e4che der H\u00e4nde, um \u00dcberlastungen vorzubeugen. Griffige Oberfl\u00e4che und bester Komfort durch Dual-Density-Technologie. Sichere Klemmung am Lenker mit nur einer Schraube.<\/span><\/p>\n<\/div>\n<\/div>\n<\/div>\n<\/div>\n<\/section>\n<section>\n<div class=\"mod mod-section-title -background-default-color\">\n<div class=\"row\">\n<div class=\"small-12 columns\" style=\"text-align: center;\"><\/div>\n<\/div>\n<\/div>\n<\/section>","protected":false},"excerpt":{"rendered":"<p>Ergonomisch geformte Griffe f\u00fcr eine gro\u00dfe Auflagefl\u00e4che der H\u00e4nde, um \u00dcberlastungen vorzubeugen. Griffige Oberfl\u00e4che und bester Komfort durch Dual-Density-Technologie. Sichere<\/p>","protected":false},"featured_media":2408,"template":"","meta":[],"product_cat":[219,51,254],"product_tag":[282,283,274],"class_list":{"0":"post-2407","1":"product","2":"type-product","3":"status-publish","4":"has-post-thumbnail","6":"product_cat-rfr-aksesuarebi","7":"product_cat-aksesuarebi","8":"product_cat-sakhelurebi","9":"product_tag-rfr","10":"product_tag-rfr-","11":"product_tag-274","13":"first","14":"outofstock","15":"shipping-taxable","16":"purchasable","17":"product-type-simple"},"jetpack_sharing_enabled":true,"_links":{"self":[{"href":"https:\/\/veloplus.ge\/en\/wp-json\/wp\/v2\/product\/2407","targetHints":{"allow":["GET"]}}],"collection":[{"href":"https:\/\/veloplus.ge\/en\/wp-json\/wp\/v2\/product"}],"about":[{"href":"https:\/\/veloplus.ge\/en\/wp-json\/wp\/v2\/types\/product"}],"wp:featuredmedia":[{"embeddable":true,"href":"https:\/\/veloplus.ge\/en\/wp-json\/wp\/v2\/media\/2408"}],"wp:attachment":[{"href":"https:\/\/veloplus.ge\/en\/wp-json\/wp\/v2\/media?parent=2407"}],"wp:term":[{"taxonomy":"product_cat","embeddable":true,"href":"https:\/\/veloplus.ge\/en\/wp-json\/wp\/v2\/product_cat?post=2407"},{"taxonomy":"product_tag","embeddable":true,"href":"https:\/\/veloplus.ge\/en\/wp-json\/wp\/v2\/product_tag?post=2407"}],"curies":[{"name":"wp","href":"https:\/\/api.w.org\/{rel}","templated":true}]}}